{"id":271,"date":"2021-02-14T19:12:59","date_gmt":"2021-02-14T18:12:59","guid":{"rendered":"http:\/\/apventures.cweb2.rdts.de\/impressum\/"},"modified":"2025-02-20T17:34:38","modified_gmt":"2025-02-20T16:34:38","slug":"impressum","status":"publish","type":"page","link":"https:\/\/apventures.de\/fr\/impressum\/","title":{"rendered":"Mentions l\u00e9gales"},"content":{"rendered":"\n<div style=\"height:50px\" aria-hidden=\"true\" class=\"wp-block-spacer\"><\/div>\n\n\n\n<p>AP VENTURES GmbH<br>Krieler Stra\u00dfe 6<br>50935 K\u00f6ln<br><br>E-mail\u00a0: <a href=\"mailto:info@apventures.de\" target=\"_blank\" rel=\"noreferrer noopener\">info@apventures.de<\/a><br>T\u00e9l.\u00a0: <a href=\"tel:+491705217899\">+49 (0)1705217899<\/a><br><a href=\"http:\/\/www.apventures.de\" target=\"_blank\" rel=\"noreferrer noopener\">www.apventures.de<\/a><\/p>\n\n\n\n<p>G\u00e9rant\u00a0: Olav Skowronnek, dipl\u00f4m\u00e9 en commerce<br>Tribunal d\u2019instance de K\u00f6ln HRB 120942<br>Num\u00e9ro d\u2019identification \u00e0 la TVA\u00a0: DE230802632<\/p>\n\n\n\n<p>Responsable au sens du \u00a7 18, al. 2 OJPM&nbsp;:&nbsp; Olav Skowronnek, dipl\u00f4m\u00e9 en commerce<\/p>\n\n\n\n<p><strong>Cr\u00e9dits photographiques&nbsp;:<\/strong><strong><\/strong><\/p>\n\n\n\n<p>\u00a9 2p2play, Shutterstock \u00a9 ACTINEO GmbH, \u00a9 ANTEVIS SAS, \u00a9 Chansom Pantip, Adobe Stock, \u00a9 Color Chaser, Shutterstock, \u00a9 dongcheng, Unsplash, \u00a9 garetsworkshop, Shutterstock, \u00a9 gilberfranco, Unsplash, \u00a9 martino_pietropoli, Unsplash, \u00a9 moccamedia GmbH, \u00a9 vivirishe, Unsplash, \u00a9 Yugan, Shutterstock<\/p>\n\n\n\n<p><strong>Bases juridiques de notre site Web<\/strong><strong><\/strong><\/p>\n\n\n\n<p>AP VENTURES v\u00e9rifie et met \u00e0 jour r\u00e9guli\u00e8rement les informations disponibles sur ce site Web. Malgr\u00e9 toutes les pr\u00e9cautions prises, les donn\u00e9es peuvent avoir chang\u00e9 entre-temps. Par cons\u00e9quent, aucune responsabilit\u00e9 ou garantie ne peut \u00eatre assum\u00e9e quant \u00e0 l\u2019actualit\u00e9, l\u2019exactitude et l\u2019exhaustivit\u00e9 des informations fournies. Il en va de m\u00eame pour tous les autres sites Web auxquels ce site renvoie directement ou indirectement par le biais d\u2019hyperliens. En outre, AP VENTURES n\u2019est g\u00e9n\u00e9ralement pas responsable des dommages directs ou indirects, y compris le manque \u00e0 gagner, d\u00e9coulant de l\u2019utilisation des informations mises \u00e0 disposition sur ce site Web. Nous nous r\u00e9servons par ailleurs le droit de modifier ou de compl\u00e9ter les informations fournies.<\/p>\n\n\n\n<p>Le contenu, la structure, la programmation et la mise en page du site Web de AP VENTURES sont prot\u00e9g\u00e9s par le droit d\u2019auteur. La reproduction d\u2019informations ou de donn\u00e9es, en particulier l\u2019utilisation de textes, de parties de textes, de mat\u00e9riel photographique, de graphiques, de logos ainsi que de fichiers vid\u00e9o, n\u00e9cessite notre consentement pr\u00e9alable. Tout est soumis au droit d\u2019auteur et \u00e0 d\u2019autres lois prot\u00e9geant la propri\u00e9t\u00e9 intellectuelle.<\/p>\n\n\n\n<p>L\u2019utilisation, l\u2019enregistrement et la reproduction des logos, des fichiers vid\u00e9o et d\u2019animation et de leurs arrangements utilis\u00e9s sur le site Web de AP VENTURES n\u00e9cessitent \u00e9galement notre consentement pr\u00e9alable. Tous les textes, images, graphiques, logos et vid\u00e9os mis \u00e0 disposition ne peuvent \u00eatre ni modifi\u00e9s ni copi\u00e9s \u00e0 des fins commerciales et utilis\u00e9s sur d\u2019autres sites Web. Nous insistons sur le fait que nous n\u2019accordons ainsi aucun droit de licence. La propri\u00e9t\u00e9 intellectuelle demeure la propri\u00e9t\u00e9 de AP VENTURES.<\/p>\n\n\n\n<p>Toutes les marques et tous les logos mentionn\u00e9s sont des marques prot\u00e9g\u00e9es par la loi. L\u2019ensemble des informations ou fichiers, leur utilisation et le renvoi \u00e0 notre site Web, ainsi que toutes les actions, tol\u00e9rances ou omissions en rapport avec le site Web de AP VENTURES sont soumis exclusivement au droit allemand.<\/p>\n\n\n\n<p>AP VENTURES, Krefeld, mars 2021<\/p>\n","protected":false},"excerpt":{"rendered":"<p>AP VENTURES GmbHKrieler Stra\u00dfe 650935 K\u00f6ln E-mail\u00a0: info@apventures.deT\u00e9l.\u00a0: +49 (0)1705217899www.apventures.de G\u00e9rant\u00a0: Olav Skowronnek, dipl\u00f4m\u00e9 en commerceTribunal d\u2019instance de K\u00f6ln HRB 120942Num\u00e9ro d\u2019identification \u00e0 la TVA\u00a0: DE230802632 Responsable au sens du \u00a7 18, al. 2 OJPM&nbsp;:&nbsp; Olav Skowronnek, dipl\u00f4m\u00e9 en commerce Cr\u00e9dits photographiques&nbsp;: \u00a9 2p2play, Shutterstock \u00a9 ACTINEO GmbH, \u00a9 ANTEVIS SAS, \u00a9 Chansom Pantip, Adobe [&hellip;]<\/p>\n","protected":false},"author":1,"featured_media":0,"parent":0,"menu_order":0,"comment_status":"closed","ping_status":"closed","template":"","meta":{"_acf_changed":false,"footnotes":""},"class_list":["post-271","page","type-page","status-publish","hentry"],"acf":[],"yoast_head":"<!-- This site is optimized with the Yoast SEO plugin v27.4 - https:\/\/yoast.com\/product\/yoast-seo-wordpress\/ -->\n<title>Mentions l\u00e9gales - AP Ventures GmbH<\/title>\n<meta name=\"robots\" content=\"index, follow, max-snippet:-1, max-image-preview:large, max-video-preview:-1\" \/>\n<link rel=\"canonical\" href=\"https:\/\/apventures.de\/fr\/impressum\/\" \/>\n<meta property=\"og:locale\" content=\"fr_FR\" \/>\n<meta property=\"og:type\" content=\"article\" \/>\n<meta property=\"og:title\" content=\"Mentions l\u00e9gales - AP Ventures GmbH\" \/>\n<meta property=\"og:description\" content=\"AP VENTURES GmbHKrieler Stra\u00dfe 650935 K\u00f6ln E-mail\u00a0: info@apventures.deT\u00e9l.\u00a0: +49 (0)1705217899www.apventures.de G\u00e9rant\u00a0: Olav Skowronnek, dipl\u00f4m\u00e9 en commerceTribunal d\u2019instance de K\u00f6ln HRB 120942Num\u00e9ro d\u2019identification \u00e0 la TVA\u00a0: DE230802632 Responsable au sens du \u00a7 18, al. 2 OJPM&nbsp;:&nbsp; Olav Skowronnek, dipl\u00f4m\u00e9 en commerce Cr\u00e9dits photographiques&nbsp;: \u00a9 2p2play, Shutterstock \u00a9 ACTINEO GmbH, \u00a9 ANTEVIS SAS, \u00a9 Chansom Pantip, Adobe [&hellip;]\" \/>\n<meta property=\"og:url\" content=\"https:\/\/apventures.de\/fr\/impressum\/\" \/>\n<meta property=\"og:site_name\" content=\"AP Ventures GmbH\" \/>\n<meta property=\"article:modified_time\" content=\"2025-02-20T16:34:38+00:00\" \/>\n<meta name=\"twitter:card\" content=\"summary_large_image\" \/>\n<meta name=\"twitter:label1\" content=\"Dur\u00e9e de lecture estim\u00e9e\" \/>\n\t<meta name=\"twitter:data1\" content=\"3 minutes\" \/>\n<script type=\"application\/ld+json\" class=\"yoast-schema-graph\">{\"@context\":\"https:\\\/\\\/schema.org\",\"@graph\":[{\"@type\":\"WebPage\",\"@id\":\"https:\\\/\\\/apventures.de\\\/fr\\\/impressum\\\/\",\"url\":\"https:\\\/\\\/apventures.de\\\/fr\\\/impressum\\\/\",\"name\":\"Mentions l\u00e9gales - AP Ventures GmbH\",\"isPartOf\":{\"@id\":\"https:\\\/\\\/apventures.de\\\/#website\"},\"datePublished\":\"2021-02-14T18:12:59+00:00\",\"dateModified\":\"2025-02-20T16:34:38+00:00\",\"breadcrumb\":{\"@id\":\"https:\\\/\\\/apventures.de\\\/fr\\\/impressum\\\/#breadcrumb\"},\"inLanguage\":\"fr-FR\",\"potentialAction\":[{\"@type\":\"ReadAction\",\"target\":[\"https:\\\/\\\/apventures.de\\\/fr\\\/impressum\\\/\"]}]},{\"@type\":\"BreadcrumbList\",\"@id\":\"https:\\\/\\\/apventures.de\\\/fr\\\/impressum\\\/#breadcrumb\",\"itemListElement\":[{\"@type\":\"ListItem\",\"position\":1,\"name\":\"Startseite\",\"item\":\"https:\\\/\\\/apventures.de\\\/fr\\\/\"},{\"@type\":\"ListItem\",\"position\":2,\"name\":\"Mentions l\u00e9gales\"}]},{\"@type\":\"WebSite\",\"@id\":\"https:\\\/\\\/apventures.de\\\/#website\",\"url\":\"https:\\\/\\\/apventures.de\\\/\",\"name\":\"AP Ventures GmbH\",\"description\":\"\",\"publisher\":{\"@id\":\"https:\\\/\\\/apventures.de\\\/#organization\"},\"potentialAction\":[{\"@type\":\"SearchAction\",\"target\":{\"@type\":\"EntryPoint\",\"urlTemplate\":\"https:\\\/\\\/apventures.de\\\/?s={search_term_string}\"},\"query-input\":{\"@type\":\"PropertyValueSpecification\",\"valueRequired\":true,\"valueName\":\"search_term_string\"}}],\"inLanguage\":\"fr-FR\"},{\"@type\":\"Organization\",\"@id\":\"https:\\\/\\\/apventures.de\\\/#organization\",\"name\":\"APVentures\",\"url\":\"https:\\\/\\\/apventures.de\\\/\",\"logo\":{\"@type\":\"ImageObject\",\"inLanguage\":\"fr-FR\",\"@id\":\"https:\\\/\\\/apventures.de\\\/#\\\/schema\\\/logo\\\/image\\\/\",\"url\":\"\",\"contentUrl\":\"\",\"caption\":\"APVentures\"},\"image\":{\"@id\":\"https:\\\/\\\/apventures.de\\\/#\\\/schema\\\/logo\\\/image\\\/\"}}]}<\/script>\n<!-- \/ Yoast SEO plugin. -->","yoast_head_json":{"title":"Mentions l\u00e9gales - AP Ventures GmbH","robots":{"index":"index","follow":"follow","max-snippet":"max-snippet:-1","max-image-preview":"max-image-preview:large","max-video-preview":"max-video-preview:-1"},"canonical":"https:\/\/apventures.de\/fr\/impressum\/","og_locale":"fr_FR","og_type":"article","og_title":"Mentions l\u00e9gales - AP Ventures GmbH","og_description":"AP VENTURES GmbHKrieler Stra\u00dfe 650935 K\u00f6ln E-mail\u00a0: info@apventures.deT\u00e9l.\u00a0: +49 (0)1705217899www.apventures.de G\u00e9rant\u00a0: Olav Skowronnek, dipl\u00f4m\u00e9 en commerceTribunal d\u2019instance de K\u00f6ln HRB 120942Num\u00e9ro d\u2019identification \u00e0 la TVA\u00a0: DE230802632 Responsable au sens du \u00a7 18, al. 2 OJPM&nbsp;:&nbsp; Olav Skowronnek, dipl\u00f4m\u00e9 en commerce Cr\u00e9dits photographiques&nbsp;: \u00a9 2p2play, Shutterstock \u00a9 ACTINEO GmbH, \u00a9 ANTEVIS SAS, \u00a9 Chansom Pantip, Adobe [&hellip;]","og_url":"https:\/\/apventures.de\/fr\/impressum\/","og_site_name":"AP Ventures GmbH","article_modified_time":"2025-02-20T16:34:38+00:00","twitter_card":"summary_large_image","twitter_misc":{"Dur\u00e9e de lecture estim\u00e9e":"3 minutes"},"schema":{"@context":"https:\/\/schema.org","@graph":[{"@type":"WebPage","@id":"https:\/\/apventures.de\/fr\/impressum\/","url":"https:\/\/apventures.de\/fr\/impressum\/","name":"Mentions l\u00e9gales - AP Ventures GmbH","isPartOf":{"@id":"https:\/\/apventures.de\/#website"},"datePublished":"2021-02-14T18:12:59+00:00","dateModified":"2025-02-20T16:34:38+00:00","breadcrumb":{"@id":"https:\/\/apventures.de\/fr\/impressum\/#breadcrumb"},"inLanguage":"fr-FR","potentialAction":[{"@type":"ReadAction","target":["https:\/\/apventures.de\/fr\/impressum\/"]}]},{"@type":"BreadcrumbList","@id":"https:\/\/apventures.de\/fr\/impressum\/#breadcrumb","itemListElement":[{"@type":"ListItem","position":1,"name":"Startseite","item":"https:\/\/apventures.de\/fr\/"},{"@type":"ListItem","position":2,"name":"Mentions l\u00e9gales"}]},{"@type":"WebSite","@id":"https:\/\/apventures.de\/#website","url":"https:\/\/apventures.de\/","name":"AP Ventures GmbH","description":"","publisher":{"@id":"https:\/\/apventures.de\/#organization"},"potentialAction":[{"@type":"SearchAction","target":{"@type":"EntryPoint","urlTemplate":"https:\/\/apventures.de\/?s={search_term_string}"},"query-input":{"@type":"PropertyValueSpecification","valueRequired":true,"valueName":"search_term_string"}}],"inLanguage":"fr-FR"},{"@type":"Organization","@id":"https:\/\/apventures.de\/#organization","name":"APVentures","url":"https:\/\/apventures.de\/","logo":{"@type":"ImageObject","inLanguage":"fr-FR","@id":"https:\/\/apventures.de\/#\/schema\/logo\/image\/","url":"","contentUrl":"","caption":"APVentures"},"image":{"@id":"https:\/\/apventures.de\/#\/schema\/logo\/image\/"}}]}},"_links":{"self":[{"href":"https:\/\/apventures.de\/fr\/wp-json\/wp\/v2\/pages\/271","targetHints":{"allow":["GET"]}}],"collection":[{"href":"https:\/\/apventures.de\/fr\/wp-json\/wp\/v2\/pages"}],"about":[{"href":"https:\/\/apventures.de\/fr\/wp-json\/wp\/v2\/types\/page"}],"author":[{"embeddable":true,"href":"https:\/\/apventures.de\/fr\/wp-json\/wp\/v2\/users\/1"}],"replies":[{"embeddable":true,"href":"https:\/\/apventures.de\/fr\/wp-json\/wp\/v2\/comments?post=271"}],"version-history":[{"count":14,"href":"https:\/\/apventures.de\/fr\/wp-json\/wp\/v2\/pages\/271\/revisions"}],"predecessor-version":[{"id":854,"href":"https:\/\/apventures.de\/fr\/wp-json\/wp\/v2\/pages\/271\/revisions\/854"}],"wp:attachment":[{"href":"https:\/\/apventures.de\/fr\/wp-json\/wp\/v2\/media?parent=271"}],"curies":[{"name":"wp","href":"https:\/\/api.w.org\/{rel}","templated":true}]}}