{"id":261,"date":"2021-01-29T09:12:10","date_gmt":"2021-01-29T08:12:10","guid":{"rendered":"http:\/\/apventures.cweb2.rdts.de\/ap-ventures-gmbh\/"},"modified":"2024-02-05T08:32:07","modified_gmt":"2024-02-05T07:32:07","slug":"ap-ventures-gmbh","status":"publish","type":"page","link":"https:\/\/apventures.de\/fr\/","title":{"rendered":"AP Ventures GmbH"},"content":{"rendered":"<div class=\"bereich alignfull\" id=\"about\" data-bezeichung=\"\u00c0 propos\">\r\n    \n\n<div class=\"wp-block-group\"><div class=\"wp-block-group__inner-container is-layout-flow wp-block-group-is-layout-flow\">\n<div class=\"wp-block-columns is-layout-flex wp-container-core-columns-is-layout-9d6595d7 wp-block-columns-is-layout-flex\">\n<div class=\"wp-block-column is-layout-flow wp-block-column-is-layout-flow\" style=\"flex-basis:40%\">\n<h2 class=\"wp-block-heading\"><strong>Philosophie<\/strong><\/h2>\n<\/div>\n\n\n\n<div class=\"wp-block-column is-layout-flow wp-block-column-is-layout-flow\">\n<p>AP VENTURES promeut et conseille les entreprises ax\u00e9es sur les secteurs de l\u2019assurance et de la sant\u00e9 dans le but d\u2019atteindre une croissance durable. Le portefeuille de services comprend le financement de la croissance ainsi que les investissements dans les start-ups et les scale-ups, le conseil aux entreprises et la gestion par int\u00e9rim.<\/p>\n\n\n\n<p>Les services de conseil vont de l\u2019analyse et du d\u00e9veloppement de concepts \u00e0 la mise en \u0153uvre concr\u00e8te. AP VENTURES soutient les entreprises, tant financi\u00e8rement que par un vaste savoir-faire et des contacts pertinents, afin de les aider \u00e0 d\u00e9velopper des innovations, \u00e0 rester comp\u00e9titives et \u00e0 relever avec succ\u00e8s le d\u00e9fi du num\u00e9rique.<\/p>\n<\/div>\n<\/div>\n\n\n\n<div style=\"height:80px\" aria-hidden=\"true\" class=\"wp-block-spacer\"><\/div>\n\n\n\n<div class=\"wp-block-columns is-layout-flex wp-container-core-columns-is-layout-9d6595d7 wp-block-columns-is-layout-flex\">\n<div class=\"wp-block-column is-layout-flow wp-block-column-is-layout-flow\">\n<h2 class=\"wp-block-heading\">\u00c0 PROPOS DU FONDATEUR<\/h2>\n\n\n\n<p>AP VENTURES a \u00e9t\u00e9 fond\u00e9e en 2003 par Olav Skowronnek. Ce dipl\u00f4m\u00e9 en commerce op\u00e8re depuis des ann\u00e9es en tant qu\u2019entrepreneur et conseiller dans les secteurs des soins de sant\u00e9 et des assurances. En 2008, il a fond\u00e9 <a href=\"https:\/\/www.actineo.de\/\" target=\"_blank\" rel=\"noreferrer noopener\">ACTINEO GmbH<\/a>. Aujourd\u2019hui, cette soci\u00e9t\u00e9, qui emploie 190 personnes, est le leader du march\u00e9 allemand de la num\u00e9risation et de l\u2019\u00e9valuation m\u00e9dicale des dommages corporels. Auparavant, Olav Skowronnek a particip\u00e9 \u00e0 la cr\u00e9ation et au d\u00e9veloppement de plusieurs entreprises dans le domaine de la sant\u00e9. C\u2019est le cas par exemple de la soci\u00e9t\u00e9 GesundheitScout24 GmbH, renomm\u00e9e <a href=\"https:\/\/www.sanvartis.de\/\" target=\"_blank\" rel=\"noreferrer noopener\">Sanvartis GmbH<\/a> en 2004, et comptant aujourd\u2019hui plus de 600 collaborateurs.<\/p>\n<\/div>\n\n\n\n<div class=\"wp-block-column is-layout-flow wp-block-column-is-layout-flow\" style=\"flex-basis:35%\"><img loading=\"lazy\" decoding=\"async\" width=\"768\" height=\"768\" src=\"https:\/\/apventures.de\/wp-content\/uploads\/APVEN_Bilder_Web-quadratisch_1000x1000px_Olaf-Skowronnek-768x768.jpg\" class=\"img-fluid\" alt=\"Portrait von AP Ventures Gr\u00fcnder Olav Skowronnek\" srcset=\"https:\/\/apventures.de\/wp-content\/uploads\/APVEN_Bilder_Web-quadratisch_1000x1000px_Olaf-Skowronnek-768x768.jpg 768w, https:\/\/apventures.de\/wp-content\/uploads\/APVEN_Bilder_Web-quadratisch_1000x1000px_Olaf-Skowronnek-300x300.jpg 300w, https:\/\/apventures.de\/wp-content\/uploads\/APVEN_Bilder_Web-quadratisch_1000x1000px_Olaf-Skowronnek-350x350.jpg 350w, https:\/\/apventures.de\/wp-content\/uploads\/APVEN_Bilder_Web-quadratisch_1000x1000px_Olaf-Skowronnek-250x250.jpg 250w, https:\/\/apventures.de\/wp-content\/uploads\/APVEN_Bilder_Web-quadratisch_1000x1000px_Olaf-Skowronnek.jpg 1000w\" sizes=\"auto, (max-width: 768px) 100vw, 768px\" \/><\/div>\n<\/div>\n\n\n\n<div style=\"height:100px\" aria-hidden=\"true\" class=\"wp-block-spacer\"><\/div>\n<\/div><\/div>\n\n\r\n<\/div>\n\n<div class=\"bereich alignfull\" id=\"engagement\" data-bezeichung=\"Engagement\">\r\n    \n\n<div class=\"wp-block-group\"><div class=\"wp-block-group__inner-container is-layout-flow wp-block-group-is-layout-flow\">\n<h2 class=\"wp-block-heading\">Engagement<\/h2>\n\n\n<div class=\"bild_text aligncenter rechts\">\n    <img loading=\"lazy\" decoding=\"async\" width=\"300\" height=\"300\" src=\"https:\/\/apventures.de\/wp-content\/uploads\/APVEN_Bilder_Web-quadratisch_1000x1000px_Digitale-Services-300x300.jpg\" class=\"img-fluid\" alt=\"AP Ventures - Frau lehnt an Wand und h\u00e4lt Laptop und Smartphone in der Hand\" srcset=\"https:\/\/apventures.de\/wp-content\/uploads\/APVEN_Bilder_Web-quadratisch_1000x1000px_Digitale-Services-300x300.jpg 300w, https:\/\/apventures.de\/wp-content\/uploads\/APVEN_Bilder_Web-quadratisch_1000x1000px_Digitale-Services-768x768.jpg 768w, https:\/\/apventures.de\/wp-content\/uploads\/APVEN_Bilder_Web-quadratisch_1000x1000px_Digitale-Services-350x350.jpg 350w, https:\/\/apventures.de\/wp-content\/uploads\/APVEN_Bilder_Web-quadratisch_1000x1000px_Digitale-Services-250x250.jpg 250w, https:\/\/apventures.de\/wp-content\/uploads\/APVEN_Bilder_Web-quadratisch_1000x1000px_Digitale-Services.jpg 1000w\" sizes=\"auto, (max-width: 300px) 100vw, 300px\" \/>    <div class=\"text\">\n        <div class=\"flip-card\">\n            <div class=\"flip-card-inner\">\n                <div class=\"flip-card-front\">\n                    Services num\u00e9rique<br \/>\r\n (e-sant\u00e9 &#038; marketing)                <\/div>\n                <div class=\"flip-card-back\">\n                    <p>L\u2019utilisation d\u2019applications et de plateformes num\u00e9riques dans le secteur de la sant\u00e9 devient de plus en plus importante, permettant la transmission s\u00e9curis\u00e9e des donn\u00e9es de sant\u00e9 et la mise en r\u00e9seau num\u00e9rique de tous les acteurs. Dans les domaines du marketing et de la publicit\u00e9, de plus en plus de processus sont \u00e9galement automatis\u00e9s. AP VENTURES ouvre de nouvelles perspectives aux acteurs de ces secteurs et les aide \u00e0 exploiter les opportunit\u00e9s du march\u00e9.<\/p>\n                <\/div>\n            <\/div>\n        <\/div>\n    <\/div>\n<\/div>\n\n<div class=\"bild_text links\">\n    <img loading=\"lazy\" decoding=\"async\" width=\"300\" height=\"300\" src=\"https:\/\/apventures.de\/wp-content\/uploads\/APVEN_Bilder_Web-quadratisch_1000x1000px_Kunst-300x300.jpg\" class=\"img-fluid\" alt=\"AP Ventures - Eine Frau sitzt in einem Raum auf einem Tisch\" srcset=\"https:\/\/apventures.de\/wp-content\/uploads\/APVEN_Bilder_Web-quadratisch_1000x1000px_Kunst-300x300.jpg 300w, https:\/\/apventures.de\/wp-content\/uploads\/APVEN_Bilder_Web-quadratisch_1000x1000px_Kunst-768x768.jpg 768w, https:\/\/apventures.de\/wp-content\/uploads\/APVEN_Bilder_Web-quadratisch_1000x1000px_Kunst-350x350.jpg 350w, https:\/\/apventures.de\/wp-content\/uploads\/APVEN_Bilder_Web-quadratisch_1000x1000px_Kunst-250x250.jpg 250w, https:\/\/apventures.de\/wp-content\/uploads\/APVEN_Bilder_Web-quadratisch_1000x1000px_Kunst.jpg 1000w\" sizes=\"auto, (max-width: 300px) 100vw, 300px\" \/>    <div class=\"text\">\n        <div class=\"flip-card\">\n            <div class=\"flip-card-inner\">\n                <div class=\"flip-card-front\">\n                    Art                <\/div>\n                <div class=\"flip-card-back\">\n                    <p>Dans le monde de la finance, l\u2019art repr\u00e9sente une alternative aux investissements traditionnels, le commerce d\u2019objets d\u2019art pouvant g\u00e9n\u00e9rer des rendements consid\u00e9rables. Dans un march\u00e9 de l\u2019art en transition \u2013 les bourses d\u2019art num\u00e9riques stimulent les ventes, les nouvelles technologies rendent le commerce de l\u2019art plus s\u00fbr et plus efficace \u2013 de nouvelles possibilit\u00e9s d\u2019investissement se pr\u00e9sentent. AP VENTURES soutient l\u2019acquisition et le commerce d\u2019objets d\u2019art, en particulier dans le domaine de la peinture du XX<sup>e<\/sup> si\u00e8cle.<\/p>\n                <\/div>\n            <\/div>\n        <\/div>\n    <\/div>\n<\/div><\/div><\/div>\n\n\n\n<p><\/p>\n\n\r\n<\/div>\n\n<div class=\"bereich alignfull\" id=\"beteiligungen\" data-bezeichung=\"Participations\">\r\n    \n\n<div class=\"wp-block-group\"><div class=\"wp-block-group__inner-container is-layout-flow wp-block-group-is-layout-flow\">\n<div style=\"height:100px\" aria-hidden=\"true\" class=\"wp-block-spacer\"><\/div>\n\n\n\n<h2 class=\"wp-block-heading has-text-align-center\"><strong>Participations<\/strong><\/h2>\n\n\n\r\n<div class=\"image_carousel\">\r\n                        <div class=\"slide\">\r\n                <a href=\"https:\/\/www.brauerei-bodenstein.de\/\">\r\n                    <img loading=\"lazy\" decoding=\"async\" width=\"193\" height=\"193\" src=\"https:\/\/apventures.de\/wp-content\/uploads\/Bodenstein_Logo_sw.png\" class=\"img-fluid\" alt=\"\" \/>                <\/a>\r\n            <\/div>\r\n                    <div class=\"slide\">\r\n                <a href=\"http:\/\/www.back-dietz.de\/startseite\">\r\n                    <img loading=\"lazy\" decoding=\"async\" width=\"210\" height=\"210\" src=\"https:\/\/apventures.de\/wp-content\/uploads\/APVEN_Webseite_Logos-Beteiligungen_210x210px_Dietz.png\" class=\"img-fluid\" alt=\"Logo der B\u00e4ckerei Dietz\" \/>                <\/a>\r\n            <\/div>\r\n                    <div class=\"slide\">\r\n                <a href=\"https:\/\/www.moccamedia.com\/\">\r\n                    <img loading=\"lazy\" decoding=\"async\" width=\"210\" height=\"210\" src=\"https:\/\/apventures.de\/wp-content\/uploads\/APVEN_Webseite_Logos-Beteiligungen_210x210px_Moccamedia.png\" class=\"img-fluid\" alt=\"Logo der moccamedia GmbH\" \/>                <\/a>\r\n            <\/div>\r\n            <\/div>\n\n\n<div style=\"height:100px\" aria-hidden=\"true\" class=\"wp-block-spacer\"><\/div>\n<\/div><\/div>\n\n\r\n<\/div>\n\n<div class=\"bereich alignfull\" id=\"csr\" data-bezeichung=\"CSR\">\r\n    \n\n<div class=\"wp-block-group alignfull\"><div class=\"wp-block-group__inner-container is-layout-flow wp-block-group-is-layout-flow\"><div class=\"image_paralax alignfull\" style=\"background-image: url(https:\/\/apventures.de\/wp-content\/uploads\/APVEN_Bild-Web_CSR_1920x629px.jpg);\" id=\"\">\r\n    <div class=\"container\">\r\n        <div class=\"row\">\r\n            <div class=\"col-12\">\r\n                \n\n<h2 class=\"wp-block-heading has-text-align-center\">CSR<\/h2>\n\n\n\n<p><strong>Pour AP VENTURES, la gestion durable est une obligation sociale et soci\u00e9tale activement appliqu\u00e9e dans les valeurs de l\u2019entreprise. Il s\u2019agit notamment de soutenir sur la voie de la neutralit\u00e9 climatique les entreprises dans lesquelles des actions sont d\u00e9tenues. Le bilan \u00e9nerg\u00e9tique r\u00e9el d\u2019une entreprise est tout aussi important que son engagement actif dans des projets \u00e9cologiques et sociaux. AP VENTURES soutient \u00e9galement directement les projets de reforestation de la Schutzgemeinschaft Deutscher Wald (SDW) et de la Fondation Eckhard Busch, qui s\u2019engage \u00e0 aider les personnes atteintes de maladies mentales et \u00e0 d\u00e9stigmatiser le sujet aux yeux du public.<\/strong><\/p>\n\n\r\n            <\/div>\r\n        <\/div>\r\n    <\/div>\r\n<\/div><\/div><\/div>\n\n\r\n<\/div>\n\n<div class=\"bereich alignfull\" id=\"news\" data-bezeichung=\"News\">\r\n    \n\n<div class=\"wp-block-group\"><div class=\"wp-block-group__inner-container is-layout-flow wp-block-group-is-layout-flow\">\n<div style=\"height:80px\" aria-hidden=\"true\" class=\"wp-block-spacer\"><\/div>\n\n\n\n<h2 class=\"wp-block-heading has-text-align-center\">News<\/h2>\n\n\n<div class=\"news_container\" id=\"\">\r\n                        <div class=\"newsblock\">\r\n                <a href=\"https:\/\/apventures.de\/fr\/moccamedia-entreprise-dexcellence-parmi-les-pme-allemandes-2\/\">\r\n                    <div class=\"img_container\">\r\n                        <img loading=\"lazy\" decoding=\"async\" width=\"350\" height=\"350\" src=\"https:\/\/apventures.de\/wp-content\/uploads\/5-Exzellenzbetrieb-hoch_EN-630x630-1-350x350.png\" class=\"img-fluid\" alt=\"\" srcset=\"https:\/\/apventures.de\/wp-content\/uploads\/5-Exzellenzbetrieb-hoch_EN-630x630-1-350x350.png 350w, https:\/\/apventures.de\/wp-content\/uploads\/5-Exzellenzbetrieb-hoch_EN-630x630-1-300x300.png 300w, https:\/\/apventures.de\/wp-content\/uploads\/5-Exzellenzbetrieb-hoch_EN-630x630-1.png 632w\" sizes=\"auto, (max-width: 350px) 100vw, 350px\" \/>                    <\/div>\r\n                    <h3 class=\"title\">MOCCAMEDIA \u00ab\u00a0ENTREPRISE D&rsquo;EXCELLENCE\u00a0\u00bb PARMI LES PME ALLEMANDES<\/h3>\r\n                    <div class=\"excerpt\"><p>ette agence m\u00e9dia fait partie du TOP 100 des PME les plus innovantes d&rsquo;Allemagne. Aujourd&rsquo;hui, le Champion de la Croissance 2021 se consid\u00e8re \u00e9galement comme une \u00ab\u00a0Entreprise d&rsquo;Excellence\u00a0\u00bb aupr\u00e8s des PME allemandes.<\/p>\n<\/div>\r\n                <\/a>\r\n                <a href=\"https:\/\/apventures.de\/fr\/moccamedia-entreprise-dexcellence-parmi-les-pme-allemandes-2\/\" class=\"btn btn-primary\">plus<\/a>\r\n            <\/div>\r\n                    <div class=\"newsblock\">\r\n                <a href=\"https:\/\/apventures.de\/fr\/publication-du-rapport-sur-le-9e-symposium-assecuranz\/\">\r\n                    <div class=\"img_container\">\r\n                        <img loading=\"lazy\" decoding=\"async\" width=\"350\" height=\"350\" src=\"https:\/\/apventures.de\/wp-content\/uploads\/FTA_2021_Overview_quadr.-350x350.jpg\" class=\"img-fluid\" alt=\"\" \/>                    <\/div>\r\n                    <h3 class=\"title\">PUBLICATION DU RAPPORT SUR LE 9E SYMPOSIUM ASSECURANZ<\/h3>\r\n                    <div class=\"excerpt\"><p>L&rsquo;\u00e9v\u00e9nement professionnel qui se tient annuellement \u00e0 Cologne &#8211; co-organis\u00e9 par AP Ventures Investment ACTINEO \u2013 rassemble des cadres du secteur de l&rsquo;assurance autour de sujets pertinents concernant la gestion des dommages corporels.<\/p>\n<\/div>\r\n                <\/a>\r\n                <a href=\"https:\/\/apventures.de\/fr\/publication-du-rapport-sur-le-9e-symposium-assecuranz\/\" class=\"btn btn-primary\">plus<\/a>\r\n            <\/div>\r\n            <\/div>\r\n<\/div><\/div>\n\n\r\n<\/div>","protected":false},"excerpt":{"rendered":"","protected":false},"author":1,"featured_media":0,"parent":0,"menu_order":0,"comment_status":"closed","ping_status":"closed","template":"","meta":{"_acf_changed":false,"footnotes":""},"class_list":["post-261","page","type-page","status-publish","hentry"],"acf":[],"yoast_head":"<!-- This site is optimized with the Yoast SEO plugin v27.4 - https:\/\/yoast.com\/product\/yoast-seo-wordpress\/ -->\n<title>AP Ventures GmbH - AP Ventures GmbH<\/title>\n<meta name=\"robots\" content=\"index, follow, max-snippet:-1, max-image-preview:large, max-video-preview:-1\" \/>\n<link rel=\"canonical\" href=\"https:\/\/apventures.de\/fr\/\" \/>\n<meta property=\"og:locale\" content=\"fr_FR\" \/>\n<meta property=\"og:type\" content=\"article\" \/>\n<meta property=\"og:title\" content=\"AP Ventures GmbH - AP Ventures GmbH\" \/>\n<meta property=\"og:url\" content=\"https:\/\/apventures.de\/fr\/\" \/>\n<meta property=\"og:site_name\" content=\"AP Ventures GmbH\" \/>\n<meta property=\"article:modified_time\" content=\"2024-02-05T07:32:07+00:00\" \/>\n<meta name=\"twitter:card\" content=\"summary_large_image\" \/>\n<meta name=\"twitter:label1\" content=\"Dur\u00e9e de lecture estim\u00e9e\" \/>\n\t<meta name=\"twitter:data1\" content=\"2 minutes\" \/>\n<script type=\"application\/ld+json\" class=\"yoast-schema-graph\">{\"@context\":\"https:\\\/\\\/schema.org\",\"@graph\":[{\"@type\":\"WebPage\",\"@id\":\"https:\\\/\\\/apventures.de\\\/fr\\\/\",\"url\":\"https:\\\/\\\/apventures.de\\\/fr\\\/\",\"name\":\"AP Ventures GmbH - AP Ventures GmbH\",\"isPartOf\":{\"@id\":\"https:\\\/\\\/apventures.de\\\/#website\"},\"datePublished\":\"2021-01-29T08:12:10+00:00\",\"dateModified\":\"2024-02-05T07:32:07+00:00\",\"breadcrumb\":{\"@id\":\"https:\\\/\\\/apventures.de\\\/fr\\\/#breadcrumb\"},\"inLanguage\":\"fr-FR\",\"potentialAction\":[{\"@type\":\"ReadAction\",\"target\":[\"https:\\\/\\\/apventures.de\\\/fr\\\/\"]}]},{\"@type\":\"BreadcrumbList\",\"@id\":\"https:\\\/\\\/apventures.de\\\/fr\\\/#breadcrumb\",\"itemListElement\":[{\"@type\":\"ListItem\",\"position\":1,\"name\":\"Startseite\",\"item\":\"https:\\\/\\\/apventures.de\\\/fr\\\/\"},{\"@type\":\"ListItem\",\"position\":2,\"name\":\"AP Ventures GmbH\"}]},{\"@type\":\"WebSite\",\"@id\":\"https:\\\/\\\/apventures.de\\\/#website\",\"url\":\"https:\\\/\\\/apventures.de\\\/\",\"name\":\"AP Ventures GmbH\",\"description\":\"\",\"publisher\":{\"@id\":\"https:\\\/\\\/apventures.de\\\/#organization\"},\"potentialAction\":[{\"@type\":\"SearchAction\",\"target\":{\"@type\":\"EntryPoint\",\"urlTemplate\":\"https:\\\/\\\/apventures.de\\\/?s={search_term_string}\"},\"query-input\":{\"@type\":\"PropertyValueSpecification\",\"valueRequired\":true,\"valueName\":\"search_term_string\"}}],\"inLanguage\":\"fr-FR\"},{\"@type\":\"Organization\",\"@id\":\"https:\\\/\\\/apventures.de\\\/#organization\",\"name\":\"APVentures\",\"url\":\"https:\\\/\\\/apventures.de\\\/\",\"logo\":{\"@type\":\"ImageObject\",\"inLanguage\":\"fr-FR\",\"@id\":\"https:\\\/\\\/apventures.de\\\/#\\\/schema\\\/logo\\\/image\\\/\",\"url\":\"\",\"contentUrl\":\"\",\"caption\":\"APVentures\"},\"image\":{\"@id\":\"https:\\\/\\\/apventures.de\\\/#\\\/schema\\\/logo\\\/image\\\/\"}}]}<\/script>\n<!-- \/ Yoast SEO plugin. -->","yoast_head_json":{"title":"AP Ventures GmbH - AP Ventures GmbH","robots":{"index":"index","follow":"follow","max-snippet":"max-snippet:-1","max-image-preview":"max-image-preview:large","max-video-preview":"max-video-preview:-1"},"canonical":"https:\/\/apventures.de\/fr\/","og_locale":"fr_FR","og_type":"article","og_title":"AP Ventures GmbH - AP Ventures GmbH","og_url":"https:\/\/apventures.de\/fr\/","og_site_name":"AP Ventures GmbH","article_modified_time":"2024-02-05T07:32:07+00:00","twitter_card":"summary_large_image","twitter_misc":{"Dur\u00e9e de lecture estim\u00e9e":"2 minutes"},"schema":{"@context":"https:\/\/schema.org","@graph":[{"@type":"WebPage","@id":"https:\/\/apventures.de\/fr\/","url":"https:\/\/apventures.de\/fr\/","name":"AP Ventures GmbH - AP Ventures GmbH","isPartOf":{"@id":"https:\/\/apventures.de\/#website"},"datePublished":"2021-01-29T08:12:10+00:00","dateModified":"2024-02-05T07:32:07+00:00","breadcrumb":{"@id":"https:\/\/apventures.de\/fr\/#breadcrumb"},"inLanguage":"fr-FR","potentialAction":[{"@type":"ReadAction","target":["https:\/\/apventures.de\/fr\/"]}]},{"@type":"BreadcrumbList","@id":"https:\/\/apventures.de\/fr\/#breadcrumb","itemListElement":[{"@type":"ListItem","position":1,"name":"Startseite","item":"https:\/\/apventures.de\/fr\/"},{"@type":"ListItem","position":2,"name":"AP Ventures GmbH"}]},{"@type":"WebSite","@id":"https:\/\/apventures.de\/#website","url":"https:\/\/apventures.de\/","name":"AP Ventures GmbH","description":"","publisher":{"@id":"https:\/\/apventures.de\/#organization"},"potentialAction":[{"@type":"SearchAction","target":{"@type":"EntryPoint","urlTemplate":"https:\/\/apventures.de\/?s={search_term_string}"},"query-input":{"@type":"PropertyValueSpecification","valueRequired":true,"valueName":"search_term_string"}}],"inLanguage":"fr-FR"},{"@type":"Organization","@id":"https:\/\/apventures.de\/#organization","name":"APVentures","url":"https:\/\/apventures.de\/","logo":{"@type":"ImageObject","inLanguage":"fr-FR","@id":"https:\/\/apventures.de\/#\/schema\/logo\/image\/","url":"","contentUrl":"","caption":"APVentures"},"image":{"@id":"https:\/\/apventures.de\/#\/schema\/logo\/image\/"}}]}},"_links":{"self":[{"href":"https:\/\/apventures.de\/fr\/wp-json\/wp\/v2\/pages\/261","targetHints":{"allow":["GET"]}}],"collection":[{"href":"https:\/\/apventures.de\/fr\/wp-json\/wp\/v2\/pages"}],"about":[{"href":"https:\/\/apventures.de\/fr\/wp-json\/wp\/v2\/types\/page"}],"author":[{"embeddable":true,"href":"https:\/\/apventures.de\/fr\/wp-json\/wp\/v2\/users\/1"}],"replies":[{"embeddable":true,"href":"https:\/\/apventures.de\/fr\/wp-json\/wp\/v2\/comments?post=261"}],"version-history":[{"count":36,"href":"https:\/\/apventures.de\/fr\/wp-json\/wp\/v2\/pages\/261\/revisions"}],"predecessor-version":[{"id":840,"href":"https:\/\/apventures.de\/fr\/wp-json\/wp\/v2\/pages\/261\/revisions\/840"}],"wp:attachment":[{"href":"https:\/\/apventures.de\/fr\/wp-json\/wp\/v2\/media?parent=261"}],"curies":[{"name":"wp","href":"https:\/\/api.w.org\/{rel}","templated":true}]}}